{"id":8,"date":"2015-12-17T21:03:17","date_gmt":"2015-12-17T20:03:17","guid":{"rendered":"http:\/\/www.stakom.com.pl\/?page_id=8"},"modified":"2015-12-17T21:03:17","modified_gmt":"2015-12-17T20:03:17","slug":"o-firmie","status":"publish","type":"page","link":"https:\/\/stc.bubbleam.pl\/","title":{"rendered":"O firmie"},"content":{"rendered":"<p><strong>Dostarczamy cz\u0119\u015bci uk\u0142ad\u00f3w oraz gotowe rozwi\u0105zania techniczne, system\u00f3w i urz\u0105dze\u0144 automatyki przemys\u0142owej:<\/strong><\/p>\n<ul>\n<li>wentylatory boczno-kana\u0142owe,<\/li>\n<li>pompy pr\u00f3\u017cniowe, filtry,<\/li>\n<li>kompresory, zbiorniki, osuszacze, filtry, instalacje spr\u0119\u017conego powietrza,<\/li>\n<li>pneumatyka,<\/li>\n<li>armatura przemys\u0142owa,<\/li>\n<li>hydrauliki si\u0142owa,<\/li>\n<li>cz\u0119\u015bci maszyn.<\/li>\n<\/ul>\n<p><strong>Oferujemy us\u0142ugi:<\/strong><\/p>\n<ul>\n<li>piaskowanie,<\/li>\n<li>lakierowanie,<\/li>\n<li>blacharsko-lakiernicze.<\/li>\n<\/ul>\n<p>Zapraszamy serdecznie do kontaktu i wsp\u00f3\u0142pracy.<\/p>\n","protected":false},"excerpt":{"rendered":"<p>Dostarczamy cz\u0119\u015bci uk\u0142ad\u00f3w oraz gotowe rozwi\u0105zania techniczne, system\u00f3w i urz\u0105dze\u0144 automatyki przemys\u0142owej: wentylatory boczno-kana\u0142owe, pompy pr\u00f3\u017cniowe, filtry, kompresory, zbiorniki, osuszacze, filtry, instalacje spr\u0119\u017conego powietrza, pneumatyka, armatura przemys\u0142owa, hydrauliki si\u0142owa, cz\u0119\u015bci maszyn. Oferujemy us\u0142ugi: piaskowanie, lakierowanie, blacharsko-lakiernicze. Zapraszamy serdecznie do kontaktu i wsp\u00f3\u0142pracy.<\/p>\n","protected":false},"author":1,"featured_media":0,"parent":0,"menu_order":1,"comment_status":"closed","ping_status":"closed","template":"","meta":{"footnotes":""},"class_list":["post-8","page","type-page","status-publish","hentry"],"_links":{"self":[{"href":"https:\/\/stc.bubbleam.pl\/index.php\/wp-json\/wp\/v2\/pages\/8","targetHints":{"allow":["GET"]}}],"collection":[{"href":"https:\/\/stc.bubbleam.pl\/index.php\/wp-json\/wp\/v2\/pages"}],"about":[{"href":"https:\/\/stc.bubbleam.pl\/index.php\/wp-json\/wp\/v2\/types\/page"}],"author":[{"embeddable":true,"href":"https:\/\/stc.bubbleam.pl\/index.php\/wp-json\/wp\/v2\/users\/1"}],"replies":[{"embeddable":true,"href":"https:\/\/stc.bubbleam.pl\/index.php\/wp-json\/wp\/v2\/comments?post=8"}],"version-history":[{"count":0,"href":"https:\/\/stc.bubbleam.pl\/index.php\/wp-json\/wp\/v2\/pages\/8\/revisions"}],"wp:attachment":[{"href":"https:\/\/stc.bubbleam.pl\/index.php\/wp-json\/wp\/v2\/media?parent=8"}],"curies":[{"name":"wp","href":"https:\/\/api.w.org\/{rel}","templated":true}]}}