{"id":40,"date":"2018-09-08T19:29:55","date_gmt":"2018-09-08T17:29:55","guid":{"rendered":"http:\/\/www.stakom.com.pl\/?page_id=40"},"modified":"2018-09-08T19:29:55","modified_gmt":"2018-09-08T17:29:55","slug":"pompy-prozniowe","status":"publish","type":"page","link":"https:\/\/stc.bubbleam.pl\/index.php\/pompy-prozniowe\/","title":{"rendered":"Pompy pr\u00f3\u017cniowe"},"content":{"rendered":"<p>W naszej ofercie s\u0105:<\/p>\n<ul>\n<li>pompy pr\u00f3\u017cniowe olejowe,<\/li>\n<li>pompy pr\u00f3\u017cniowe bezolejowe &#8211; suche,<\/li>\n<li>pompy ssawno-t\u0142oczne,<\/li>\n<li>pompy t\u0142oczne.<\/li>\n<\/ul>\n","protected":false},"excerpt":{"rendered":"<p>W naszej ofercie s\u0105: pompy pr\u00f3\u017cniowe olejowe, pompy pr\u00f3\u017cniowe bezolejowe &#8211; suche, pompy ssawno-t\u0142oczne, pompy t\u0142oczne.<\/p>\n","protected":false},"author":1,"featured_media":0,"parent":0,"menu_order":3,"comment_status":"closed","ping_status":"closed","template":"","meta":{"footnotes":""},"class_list":["post-40","page","type-page","status-publish","hentry"],"_links":{"self":[{"href":"https:\/\/stc.bubbleam.pl\/index.php\/wp-json\/wp\/v2\/pages\/40","targetHints":{"allow":["GET"]}}],"collection":[{"href":"https:\/\/stc.bubbleam.pl\/index.php\/wp-json\/wp\/v2\/pages"}],"about":[{"href":"https:\/\/stc.bubbleam.pl\/index.php\/wp-json\/wp\/v2\/types\/page"}],"author":[{"embeddable":true,"href":"https:\/\/stc.bubbleam.pl\/index.php\/wp-json\/wp\/v2\/users\/1"}],"replies":[{"embeddable":true,"href":"https:\/\/stc.bubbleam.pl\/index.php\/wp-json\/wp\/v2\/comments?post=40"}],"version-history":[{"count":0,"href":"https:\/\/stc.bubbleam.pl\/index.php\/wp-json\/wp\/v2\/pages\/40\/revisions"}],"wp:attachment":[{"href":"https:\/\/stc.bubbleam.pl\/index.php\/wp-json\/wp\/v2\/media?parent=40"}],"curies":[{"name":"wp","href":"https:\/\/api.w.org\/{rel}","templated":true}]}}