{"id":27,"date":"2018-09-08T17:55:13","date_gmt":"2018-09-08T15:55:13","guid":{"rendered":"http:\/\/www.stakom.com.pl\/?page_id=27"},"modified":"2018-09-08T17:55:13","modified_gmt":"2018-09-08T15:55:13","slug":"wentylatory-boczno-kanalowe","status":"publish","type":"page","link":"https:\/\/stc.bubbleam.pl\/index.php\/wentylatory-boczno-kanalowe\/","title":{"rendered":"Wentylatory boczno-kana\u0142owe"},"content":{"rendered":"<p><b>Wentylatory boczno-kana\u0142owe wytwarzaj\u0105 nadci\u015bnienie i podci\u015bnienie w zakresie -730..1040 mbar.<\/b><\/p>\n<p><b>Wydajno\u015b\u0107 pojedynczego urz\u0105dzenia do 2050 m3\/h, moc do 25kW.<\/b><\/p>\n<p>Najwi\u0119ksz\u0105 zalet\u0105 stosowania dmuchaw boczno-kana\u0142owych jest bezobs\u0142ugowo\u015b\u0107 wynikaj\u0105ca ze stosunkowo prostej konstrukcji.<\/p>\n<p>Cz\u0119\u015bci\u0105 poruszaj\u0105c\u0105 si\u0119 jest wirnik, niestykaj\u0105cy si\u0119 z obudow\u0105 &#8211; nie wyciera si\u0119 i nie wymaga smarowania.<\/p>\n<p>Wylotowe powietrze jest czyste oraz ma bardzo dobr\u0105 charakterystyk\u0119 &#8211; brak pulsacji.<\/p>\n<p>Mog\u0105 pracowa\u0107 w pozycji poziomej lub pionowej.<\/p>\n<p>&nbsp;<\/p>\n<p><strong>ZASTOSOWANIE<\/strong><\/p>\n<p><strong>Napowietrzanie: <\/strong>oczek wodnych, basen\u00f3w w oczyszczalniach \u015bciek\u00f3w,<\/p>\n<p>wanien w galwanizerniach, jaccuzi, spa.<\/p>\n<p><strong>Transport pneumatyczny:<\/strong><\/p>\n<p>poczta pneumatyczna, wytwarzanie poduszki powietrznej do transportu stos\u00f3w papieru,<\/p>\n<p>przesy\u0142anie materia\u0142\u00f3w sypkich &#8211; m\u0105ka, zbo\u017ce, tworzywa sztuczne,<\/p>\n<p><strong>Przemys\u0142owa armatura pr\u00f3\u017cniowa:<\/strong><\/p>\n<p>odkurzacze przemys\u0142owe, przeno\u015bniki podci\u015bnieniowe,<\/p>\n<p>sto\u0142y podci\u015bnieniowe, maszyny pakuj\u0105ce,<\/p>\n<p>odwadnianie miazgi papierowej.<\/p>\n<p><strong>Wentylacja, nadmuch, recyrkulacja powietrza<\/strong><\/p>\n<p>dostarczanie powietrza do piec\u00f3w hutniczych, urz\u0105dzenia kontrolowanej atmosfery,<\/p>\n<p>suszarnie, no\u017ce powietrzne, zespo\u0142y filtracyjne o bardzo wysokim stopniu separacji py\u0142\u00f3w,<\/p>\n<p>&nbsp;<\/p>\n<p><strong>Dost\u0119pne akcesoria: filtry, t\u0142umiki, zawory przeci\u0105\u017ceniowe.<\/strong><\/p>\n","protected":false},"excerpt":{"rendered":"<p>Wentylatory boczno-kana\u0142owe wytwarzaj\u0105 nadci\u015bnienie i podci\u015bnienie w zakresie -730..1040 mbar. Wydajno\u015b\u0107 pojedynczego urz\u0105dzenia do 2050 m3\/h, moc do 25kW. Najwi\u0119ksz\u0105 zalet\u0105 stosowania dmuchaw boczno-kana\u0142owych jest bezobs\u0142ugowo\u015b\u0107 wynikaj\u0105ca ze stosunkowo prostej konstrukcji. Cz\u0119\u015bci\u0105 poruszaj\u0105c\u0105 si\u0119 jest wirnik, niestykaj\u0105cy si\u0119 z obudow\u0105 &#8211; nie wyciera si\u0119 i nie wymaga smarowania. Wylotowe powietrze jest czyste oraz ma bardzo&#8230; <\/p>\n<div class=\"read-more\"><a href=\"https:\/\/stc.bubbleam.pl\/index.php\/wentylatory-boczno-kanalowe\/\">Czytaj wi\u0119cej<\/a><\/div>\n","protected":false},"author":1,"featured_media":0,"parent":0,"menu_order":2,"comment_status":"closed","ping_status":"closed","template":"","meta":{"footnotes":""},"class_list":["post-27","page","type-page","status-publish","hentry"],"_links":{"self":[{"href":"https:\/\/stc.bubbleam.pl\/index.php\/wp-json\/wp\/v2\/pages\/27","targetHints":{"allow":["GET"]}}],"collection":[{"href":"https:\/\/stc.bubbleam.pl\/index.php\/wp-json\/wp\/v2\/pages"}],"about":[{"href":"https:\/\/stc.bubbleam.pl\/index.php\/wp-json\/wp\/v2\/types\/page"}],"author":[{"embeddable":true,"href":"https:\/\/stc.bubbleam.pl\/index.php\/wp-json\/wp\/v2\/users\/1"}],"replies":[{"embeddable":true,"href":"https:\/\/stc.bubbleam.pl\/index.php\/wp-json\/wp\/v2\/comments?post=27"}],"version-history":[{"count":0,"href":"https:\/\/stc.bubbleam.pl\/index.php\/wp-json\/wp\/v2\/pages\/27\/revisions"}],"wp:attachment":[{"href":"https:\/\/stc.bubbleam.pl\/index.php\/wp-json\/wp\/v2\/media?parent=27"}],"curies":[{"name":"wp","href":"https:\/\/api.w.org\/{rel}","templated":true}]}}